{"id":469,"date":"2023-02-02T10:21:11","date_gmt":"2023-02-02T10:21:11","guid":{"rendered":"https:\/\/d-ps.dk\/privacy-policies\/"},"modified":"2023-03-06T09:42:32","modified_gmt":"2023-03-06T09:42:32","slug":"privacy-policies","status":"publish","type":"page","link":"https:\/\/d-ps.dk\/en\/privacy-policies\/","title":{"rendered":"Privacy policies"},"content":{"rendered":"\r\n<h3 class=\"wp-block-heading\">Kindly go to the Danish site for information on protection of personal data and the use of cookies on the D&amp;P Solutions website.<\/h3>\r\n<p><a href=\"https:\/\/d-ps.dk\/en\/privacy-policies\/\">Danish Privacy Policy &gt;<\/a><\/p>\r\n","protected":false},"excerpt":{"rendered":"<p>Kindly go to the Danish site for information on protection of personal data and the use of cookies on the D&amp;P Solutions website. Danish Privacy Policy &gt;<\/p>\n","protected":false},"author":1,"featured_media":0,"parent":0,"menu_order":0,"comment_status":"closed","ping_status":"open","template":"","meta":{"_et_pb_use_builder":"","_et_pb_old_content":"<!-- wp:heading {\"translatedWithWPMLTM\":\"1\"} -->\r\n<h2>Kindly go to the Danish site for information on protection of personal data and the use of cookies on the D&P Solutions website.<\/h2>\r\n<p>Denne privatlivspolitik redeg\u00f8r for, hvordan vi hos D&P Solutions ApS indsamler, brugere, vedligeholder og videreformidler information fra brugere (herfra enkeltvis kaldet \u2019BRUGEREN\u2019) af <a href=\"http:\/\/www.d-ps.dk\">www.d-ps.dk<\/a> hjemmesiden (herefter kaldet \u2019SIDEN\u2019). Privatlivspolitikken g\u00e6lder hele SIDEN samt produkter og ydelser udbudt af D&P Solutions.<\/p>\r\n<p><strong>Personlig information<\/strong><\/p>\r\n<p>Vi m\u00e5 indsamle personlig information om BRUGEREN p\u00e5 en r\u00e6kke m\u00e5der. Disse inkluderer \u2013 men er ikke begr\u00e6nset til \u2013 n\u00e5r BRUGEREN bes\u00f8ger SIDEN, tilmelder sig vores nyhedsbrev og udfylder en formular. Dette g\u00e6lder ogs\u00e5 ved yderligere aktiviteter, ydelser, features og\/ eller ressourcer, som vi udbyder p\u00e5 SIDEN. BRUGEREN kan blive bedt om at oplyse f\u00f8lgende informationer, hvorn\u00e5r det end m\u00e5tte v\u00e6re passende: Navn, emailadresse og telefonnummer. Dog kan BRUGEREN ogs\u00e5 bes\u00f8ge SIDEN anonymt. Vi indsamler kun personlig information fra BRUGEREN, hvis disse frivilligt indgives til os. BRUGEREN kan altid n\u00e6gte at oplyse personlig information.<\/p>\r\n<p><strong>Ikke-personlig information<\/strong><\/p>\r\n<p>Vi m\u00e5 indsamle ikke-personlig information om BRUGEREN, n\u00e5r som helst SIDEN bliver brugt. Dette kan inkludere browser-navn, computertype og teknisk information om BRUGERENs midler til forbindelse med SIDEN s\u00e5som styresystem og internetudbyder mm.<\/p>\r\n<p><strong>Hvordan bruger vi indsamlet data?<\/strong><\/p>\r\n<p>D&P Solutions kan indsamle og benytte BRUGERENs personlige information til f\u00f8lgende form\u00e5l:<\/p>\r\n<ul>\r\n<li>For at forbedre kundebetjening<\/li>\r\n<\/ul>\r\n<p>BRUGERENs oplyste informationer hj\u00e6lper os med at besvare foresp\u00f8rgsler fra BRUGEREN<\/p>\r\n<ul>\r\n<li>For at personligg\u00f8re brugeroplevelsen<\/li>\r\n<\/ul>\r\n<p>Vi kan bruge information i samlede st\u00f8rrelser om BRUGEREN som en gruppe for derved at f\u00e5 forst\u00e5else for, hvorledes BRUGEREN generelt benytter de services og ressourcer, der er tilg\u00e6ngelige p\u00e5 SIDEN<\/p>\r\n<ul>\r\n<li>For at forbedre SIDEN<\/li>\r\n<\/ul>\r\n<p>Vi kan g\u00f8re brug af BRUGERENs feedback til at forbedre vores produkter og ydelser.<\/p>\r\n<ul>\r\n<li>For at sende lejlighedsvise emails<\/li>\r\n<\/ul>\r\n<p>Vi benytter BRUGERENs emailadresse til at sende vedkommende information og opdateringer om k\u00f8bte ydelser. Derudover kan den benyttes til at svare p\u00e5 foresp\u00f8rgsler af forskellig art. V\u00e6lger BRUGEREN at tilmelde sig vores nyhedsbrev, vil emails blive modtaget, der kan indeholde nyheder om virksomheden, opdateringer, relaterede produkter og serviceinformation mm. \u00d8nsker BRUGEREN p\u00e5 noget tidspunkt at framelde sig og derved undg\u00e5 fremtidige mails, inkluderer vi i bunden af hver email detaljerede instrukser om, hvorledes dette g\u00f8res. Derudover kan BRUGEREN ogs\u00e5 kontakte os via SIDEN.<\/p>\r\n<p><strong>S\u00e5dan beskytter vi dine informationer<\/strong><\/p>\r\n<p>Vi f\u00f8lger relevant praksis og sikkerhedsforanstaltninger ang\u00e5ende indsamling, lagring og behandling af data. Dette g\u00f8res for at beskytte imod uautoriseret adgang, \u00e6ndringer, offentligg\u00f8relse og \u00f8del\u00e6ggelse af BRUGERENs personlige information og andre informationer, der er lagrede p\u00e5 SIDEN.<\/p>\r\n<p><strong>Deling af dine personlige informationer<\/strong><\/p>\r\n<p>BRUGERENs personlige informationer bliver hverken videresolgt, udvekslet eller udlejet. Vi kan dog dele generisk, opsummerende information med vores forretningspartnere og betroede samarbejdspartnere:<\/p>\r\n<ul>\r\n<li>Google (trafikdata)<\/li>\r\n<\/ul>\r\n<p>Dette er kun g\u00e6ldende, n\u00e5r de relevante, samlede informationer er af generisk, demografisk art, der ikke er linket til nogen form for personlig information om bes\u00f8gende og brugere. En s\u00e5dan deling vil kun finde sted med ovenn\u00e6vnte form\u00e5l for \u00f8je.<\/p>\r\n<ul>\r\n<li>MailChimp (nyhedsbrev)<\/li>\r\n<\/ul>\r\n<p>Dette er kun g\u00e6ldende, n\u00e5r de relevante, samlede informationer er af generisk, demografisk art, der ikke er linket til nogen form for personlig information om bes\u00f8gende og brugere. En s\u00e5dan deling vil kun finde sted med ovenn\u00e6vnte form\u00e5l for \u00f8je.<\/p>\r\n<p><strong>Tredjeparts-hjemmesider<\/strong><\/p>\r\n<p>P\u00e5 SIDEN vil BRUGEREN eventuelt kunne finde reklame og andet indhold, der videresender til sider og ydelesr fra\/ for vores partnere, leverand\u00f8rer, annonc\u00f8rer, sponsorer, licensgivere og\/ eller anden tredjepart. Vi kontrollerer hverken indhold eller links, der forekommer p\u00e5 disse sider og er derfor ikke ansvarlige for de praksisser, de anvender. Derudover kan disse sider og ydelser samt deres indhold og links v\u00e6re under konstant forandring. De kan have deres egen privatlivs- og kundeplejepolitikker. Browsing og anden interaktion p\u00e5 disse websites, inklusive de, der linkes til p\u00e5 SIDEN, udf\u00f8res derfor p\u00e5 baggrund af hver hjemmesides egne vilk\u00e5r og politikker.<\/p>\r\n<p><strong>\u00c6ndringer i denne privatlivspolitik<\/strong><\/p>\r\n<p>D&P Solutions har handlefrihed til at \u00e6ndre denne privatlivspolitik til hver en tid. Sker dette, reviderer vi samtidig \u2019sidst opdateret\u2019-datoen i bunden af denne side. Vi opfordrer BRUGEREN til at tjekke denne side j\u00e6vnligt. S\u00e5ledes kan man holde \u00f8je med eventuelle \u00e6ndringer og forblive oplyst om, hvordan vi beskytter de personlige informationer, vi har indsamlet. Som BRUGEREN erkender du, at det er dit eget ansvar at gennemg\u00e5 denne privatlivspolitik j\u00e6vnligt og g\u00f8re dig bekendt med eventuelle \u00e6ndringer.<\/p>\r\n<p><strong>Din accept af disse betingelser<\/strong><\/p>\r\n<p>Ved brug af SIDEN tilkendegiver du din accept af denne politik. Er du ikke enig med denne politik, beder vi dig om at undlade at bruge SIDEN. Fremtidig brug af SIDEN efter \u00e6ndringer i denne politik vil ligeledes betragtes som accept af s\u00e5danne, eventuelle \u00e6ndringer.<\/p>\r\n<p><strong>Kontakt os<\/strong><\/p>\r\n<p>Har du nogen sp\u00f8rgsm\u00e5l ang\u00e5ende vores privatlivspolitik, praktiske ting ved SIDEN eller din brug af SIDEN, er du altid velkommen til at kontakte os her:<\/p>\r\n<p>D&P Solutions ApS<br\/>Jernbanegade 23, DK-4000 Roskilde<br\/>E: info@d-ps.dk<\/p>\r\n<p><em>Dette dokument blev sidst opdateret den 6. marts 2023.<\/em><\/p>\r\n<!-- \/wp:heading -->","_et_gb_content_width":"","footnotes":""},"class_list":["post-469","page","type-page","status-publish","hentry"],"yoast_head":"<!-- This site is optimized with the Yoast SEO plugin v23.9 - https:\/\/yoast.com\/wordpress\/plugins\/seo\/ -->\n<title>Privacy policies | D&amp;P Solutions ApS<\/title>\n<meta name=\"robots\" content=\"noindex, nofollow\" \/>\n<meta property=\"og:locale\" content=\"en_US\" \/>\n<meta property=\"og:type\" content=\"article\" \/>\n<meta property=\"og:title\" content=\"Privacy policies | D&amp;P Solutions ApS\" \/>\n<meta property=\"og:description\" content=\"Kindly go to the Danish site for information on protection of personal data and the use of cookies on the D&amp;P Solutions website. Danish Privacy Policy &gt;\" \/>\n<meta property=\"og:url\" content=\"https:\/\/d-ps.dk\/en\/privacy-policies\/\" \/>\n<meta property=\"og:site_name\" content=\"D&amp;P Solutions ApS\" \/>\n<meta property=\"article:modified_time\" content=\"2023-03-06T09:42:32+00:00\" \/>\n<meta name=\"twitter:card\" content=\"summary_large_image\" \/>\n<meta name=\"twitter:label1\" content=\"Est. reading time\" \/>\n\t<meta name=\"twitter:data1\" content=\"1 minute\" \/>\n<script type=\"application\/ld+json\" class=\"yoast-schema-graph\">{\"@context\":\"https:\/\/schema.org\",\"@graph\":[{\"@type\":\"WebPage\",\"@id\":\"https:\/\/d-ps.dk\/en\/privacy-policies\/\",\"url\":\"https:\/\/d-ps.dk\/en\/privacy-policies\/\",\"name\":\"Privacy policies | D&amp;P Solutions ApS\",\"isPartOf\":{\"@id\":\"https:\/\/d-ps.dk\/en\/#website\"},\"datePublished\":\"2023-02-02T10:21:11+00:00\",\"dateModified\":\"2023-03-06T09:42:32+00:00\",\"breadcrumb\":{\"@id\":\"https:\/\/d-ps.dk\/en\/privacy-policies\/#breadcrumb\"},\"inLanguage\":\"en-US\",\"potentialAction\":[{\"@type\":\"ReadAction\",\"target\":[\"https:\/\/d-ps.dk\/en\/privacy-policies\/\"]}]},{\"@type\":\"BreadcrumbList\",\"@id\":\"https:\/\/d-ps.dk\/en\/privacy-policies\/#breadcrumb\",\"itemListElement\":[{\"@type\":\"ListItem\",\"position\":1,\"name\":\"Home\",\"item\":\"https:\/\/d-ps.dk\/en\/\"},{\"@type\":\"ListItem\",\"position\":2,\"name\":\"Privacy policies\"}]},{\"@type\":\"WebSite\",\"@id\":\"https:\/\/d-ps.dk\/en\/#website\",\"url\":\"https:\/\/d-ps.dk\/en\/\",\"name\":\"D&P Solutions ApS\",\"description\":\"\",\"publisher\":{\"@id\":\"https:\/\/d-ps.dk\/en\/#organization\"},\"potentialAction\":[{\"@type\":\"SearchAction\",\"target\":{\"@type\":\"EntryPoint\",\"urlTemplate\":\"https:\/\/d-ps.dk\/en\/?s={search_term_string}\"},\"query-input\":{\"@type\":\"PropertyValueSpecification\",\"valueRequired\":true,\"valueName\":\"search_term_string\"}}],\"inLanguage\":\"en-US\"},{\"@type\":\"Organization\",\"@id\":\"https:\/\/d-ps.dk\/en\/#organization\",\"name\":\"D&P Solutions ApS\",\"url\":\"https:\/\/d-ps.dk\/en\/\",\"logo\":{\"@type\":\"ImageObject\",\"inLanguage\":\"en-US\",\"@id\":\"https:\/\/d-ps.dk\/en\/#\/schema\/logo\/image\/\",\"url\":\"https:\/\/d-ps.dk\/wp-content\/uploads\/2023\/02\/dps-logo-web-h80.png\",\"contentUrl\":\"https:\/\/d-ps.dk\/wp-content\/uploads\/2023\/02\/dps-logo-web-h80.png\",\"width\":464,\"height\":80,\"caption\":\"D&P Solutions ApS\"},\"image\":{\"@id\":\"https:\/\/d-ps.dk\/en\/#\/schema\/logo\/image\/\"}}]}<\/script>\n<!-- \/ Yoast SEO plugin. -->","yoast_head_json":{"title":"Privacy policies | D&amp;P Solutions ApS","robots":{"index":"noindex","follow":"nofollow"},"og_locale":"en_US","og_type":"article","og_title":"Privacy policies | D&amp;P Solutions ApS","og_description":"Kindly go to the Danish site for information on protection of personal data and the use of cookies on the D&amp;P Solutions website. Danish Privacy Policy &gt;","og_url":"https:\/\/d-ps.dk\/en\/privacy-policies\/","og_site_name":"D&amp;P Solutions ApS","article_modified_time":"2023-03-06T09:42:32+00:00","twitter_card":"summary_large_image","twitter_misc":{"Est. reading time":"1 minute"},"schema":{"@context":"https:\/\/schema.org","@graph":[{"@type":"WebPage","@id":"https:\/\/d-ps.dk\/en\/privacy-policies\/","url":"https:\/\/d-ps.dk\/en\/privacy-policies\/","name":"Privacy policies | D&amp;P Solutions ApS","isPartOf":{"@id":"https:\/\/d-ps.dk\/en\/#website"},"datePublished":"2023-02-02T10:21:11+00:00","dateModified":"2023-03-06T09:42:32+00:00","breadcrumb":{"@id":"https:\/\/d-ps.dk\/en\/privacy-policies\/#breadcrumb"},"inLanguage":"en-US","potentialAction":[{"@type":"ReadAction","target":["https:\/\/d-ps.dk\/en\/privacy-policies\/"]}]},{"@type":"BreadcrumbList","@id":"https:\/\/d-ps.dk\/en\/privacy-policies\/#breadcrumb","itemListElement":[{"@type":"ListItem","position":1,"name":"Home","item":"https:\/\/d-ps.dk\/en\/"},{"@type":"ListItem","position":2,"name":"Privacy policies"}]},{"@type":"WebSite","@id":"https:\/\/d-ps.dk\/en\/#website","url":"https:\/\/d-ps.dk\/en\/","name":"D&P Solutions ApS","description":"","publisher":{"@id":"https:\/\/d-ps.dk\/en\/#organization"},"potentialAction":[{"@type":"SearchAction","target":{"@type":"EntryPoint","urlTemplate":"https:\/\/d-ps.dk\/en\/?s={search_term_string}"},"query-input":{"@type":"PropertyValueSpecification","valueRequired":true,"valueName":"search_term_string"}}],"inLanguage":"en-US"},{"@type":"Organization","@id":"https:\/\/d-ps.dk\/en\/#organization","name":"D&P Solutions ApS","url":"https:\/\/d-ps.dk\/en\/","logo":{"@type":"ImageObject","inLanguage":"en-US","@id":"https:\/\/d-ps.dk\/en\/#\/schema\/logo\/image\/","url":"https:\/\/d-ps.dk\/wp-content\/uploads\/2023\/02\/dps-logo-web-h80.png","contentUrl":"https:\/\/d-ps.dk\/wp-content\/uploads\/2023\/02\/dps-logo-web-h80.png","width":464,"height":80,"caption":"D&P Solutions ApS"},"image":{"@id":"https:\/\/d-ps.dk\/en\/#\/schema\/logo\/image\/"}}]}},"_links":{"self":[{"href":"https:\/\/d-ps.dk\/en\/wp-json\/wp\/v2\/pages\/469","targetHints":{"allow":["GET"]}}],"collection":[{"href":"https:\/\/d-ps.dk\/en\/wp-json\/wp\/v2\/pages"}],"about":[{"href":"https:\/\/d-ps.dk\/en\/wp-json\/wp\/v2\/types\/page"}],"author":[{"embeddable":true,"href":"https:\/\/d-ps.dk\/en\/wp-json\/wp\/v2\/users\/1"}],"replies":[{"embeddable":true,"href":"https:\/\/d-ps.dk\/en\/wp-json\/wp\/v2\/comments?post=469"}],"version-history":[{"count":6,"href":"https:\/\/d-ps.dk\/en\/wp-json\/wp\/v2\/pages\/469\/revisions"}],"predecessor-version":[{"id":528,"href":"https:\/\/d-ps.dk\/en\/wp-json\/wp\/v2\/pages\/469\/revisions\/528"}],"wp:attachment":[{"href":"https:\/\/d-ps.dk\/en\/wp-json\/wp\/v2\/media?parent=469"}],"curies":[{"name":"wp","href":"https:\/\/api.w.org\/{rel}","templated":true}]}}